{"id":44,"date":"2022-10-09T21:36:56","date_gmt":"2022-10-09T18:36:56","guid":{"rendered":"https:\/\/kartal.com\/stores\/"},"modified":"2023-02-08T11:02:49","modified_gmt":"2023-02-08T08:02:49","slug":"stores","status":"publish","type":"page","link":"https:\/\/papagan.com\/tr\/magazalar","title":{"rendered":"Ma\u011fazalar"},"content":{"rendered":"\n<h2 class=\"wp-block-heading\">Ma\u011fazalar<\/h2>\n\n\n\n<p><\/p>\n\n\n\n<p><strong>28<\/strong> Online ma\u011fazada yer alan en g\u00fcncel <strong>61<\/strong> adet indirim kodu ve kampanyay\u0131 a\u015fa\u011f\u0131daki sayfalar\u0131m\u0131zda bulabilir ve kullanabilirsiniz. Ayr\u0131ca, s\u00fcrekli g\u00fcncellenen ve de\u011fi\u015fen indirim f\u0131rsatlar\u0131ndan haberdar olmak i\u00e7in bizi takip edin ve f\u0131rsatlar\u0131 ka\u00e7\u0131rmay\u0131n.<\/p>\n","protected":false},"excerpt":{"rendered":"<p>Ma\u011fazalar Online ma\u011fazada yer alan en g\u00fcncel adet indirim kodu ve kampanyay\u0131 a\u015fa\u011f\u0131daki sayfalar\u0131m\u0131zda bulabilir ve kullanabilirsiniz. Ayr\u0131ca, s\u00fcrekli g\u00fcncellenen ve de\u011fi\u015fen indirim f\u0131rsatlar\u0131ndan haberdar olmak i\u00e7in bizi takip edin ve f\u0131rsatlar\u0131 ka\u00e7\u0131rmay\u0131n.<\/p>\n","protected":false},"author":1,"featured_media":0,"parent":0,"menu_order":0,"comment_status":"closed","ping_status":"closed","template":"papagan-stores.php","meta":[],"_links":{"self":[{"href":"https:\/\/papagan.com\/tr\/wp-json\/wp\/v2\/pages\/44"}],"collection":[{"href":"https:\/\/papagan.com\/tr\/wp-json\/wp\/v2\/pages"}],"about":[{"href":"https:\/\/papagan.com\/tr\/wp-json\/wp\/v2\/types\/page"}],"author":[{"embeddable":true,"href":"https:\/\/papagan.com\/tr\/wp-json\/wp\/v2\/users\/1"}],"replies":[{"embeddable":true,"href":"https:\/\/papagan.com\/tr\/wp-json\/wp\/v2\/comments?post=44"}],"version-history":[{"count":0,"href":"https:\/\/papagan.com\/tr\/wp-json\/wp\/v2\/pages\/44\/revisions"}],"wp:attachment":[{"href":"https:\/\/papagan.com\/tr\/wp-json\/wp\/v2\/media?parent=44"}],"curies":[{"name":"wp","href":"https:\/\/api.w.org\/{rel}","templated":true}]}}