{"id":2719,"date":"2022-12-15T19:22:36","date_gmt":"2022-12-15T16:22:36","guid":{"rendered":"https:\/\/papagan.com\/tr\/?page_id=2719"},"modified":"2023-02-08T10:59:44","modified_gmt":"2023-02-08T07:59:44","slug":"kupon-gonder","status":"publish","type":"page","link":"https:\/\/papagan.com\/tr\/kupon-gonder","title":{"rendered":"Kupon G\u00f6nder"},"content":{"rendered":"\n<h2 class=\"wp-block-heading\">Kupon Kodu ve Kampanyalar\u0131n\u0131z\u0131 Bize G\u00f6nderin!<\/h2>\n\n\n\n<p><\/p>\n\n\n\n<p>Papagan.com olarak sizlere en g\u00fcncel ve avantajl\u0131 indirim ve kampanyalar\u0131 sunmak i\u00e7in \u00e7al\u0131\u015f\u0131yoruz. E\u011fer sizde bir ma\u011fazan\u0131n indirim kodunu ya da kampanyas\u0131n\u0131 payla\u015fmak istiyorsan\u0131z, l\u00fctfen a\u015fa\u011f\u0131daki formu doldurunuz.<\/p>\n","protected":false},"excerpt":{"rendered":"<p>Kupon Kodu ve Kampanyalar\u0131n\u0131z\u0131 Bize G\u00f6nderin! Papagan.com olarak sizlere en g\u00fcncel ve avantajl\u0131 indirim ve kampanyalar\u0131 sunmak i\u00e7in \u00e7al\u0131\u015f\u0131yoruz. E\u011fer sizde bir ma\u011fazan\u0131n indirim kodunu ya da kampanyas\u0131n\u0131 payla\u015fmak istiyorsan\u0131z, l\u00fctfen a\u015fa\u011f\u0131daki formu doldurunuz.<\/p>\n","protected":false},"author":1,"featured_media":0,"parent":0,"menu_order":0,"comment_status":"closed","ping_status":"closed","template":"page-submit-coupons.php","meta":[],"_links":{"self":[{"href":"https:\/\/papagan.com\/tr\/wp-json\/wp\/v2\/pages\/2719"}],"collection":[{"href":"https:\/\/papagan.com\/tr\/wp-json\/wp\/v2\/pages"}],"about":[{"href":"https:\/\/papagan.com\/tr\/wp-json\/wp\/v2\/types\/page"}],"author":[{"embeddable":true,"href":"https:\/\/papagan.com\/tr\/wp-json\/wp\/v2\/users\/1"}],"replies":[{"embeddable":true,"href":"https:\/\/papagan.com\/tr\/wp-json\/wp\/v2\/comments?post=2719"}],"version-history":[{"count":0,"href":"https:\/\/papagan.com\/tr\/wp-json\/wp\/v2\/pages\/2719\/revisions"}],"wp:attachment":[{"href":"https:\/\/papagan.com\/tr\/wp-json\/wp\/v2\/media?parent=2719"}],"curies":[{"name":"wp","href":"https:\/\/api.w.org\/{rel}","templated":true}]}}