{"id":2600,"date":"2022-12-11T18:14:51","date_gmt":"2022-12-11T15:14:51","guid":{"rendered":"https:\/\/papagan.com\/tr\/?page_id=2600"},"modified":"2022-12-15T12:07:12","modified_gmt":"2022-12-15T09:07:12","slug":"kategoriler","status":"publish","type":"page","link":"https:\/\/papagan.com\/tr\/kategoriler","title":{"rendered":"Kategoriler"},"content":{"rendered":"<h1>Kategoriler<\/h1>\n<p>A\u015fa\u011f\u0131daki kategori sayfalar\u0131m\u0131zda bulunan \u00fcr\u00fcnler i\u00e7in ge\u00e7erli olan indirim kodlar\u0131n\u0131 ve kampanyalar\u0131 kolayl\u0131kla bulabilir ve kullanabilirsiniz.<\/p>\n","protected":false},"excerpt":{"rendered":"<p>Kategoriler A\u015fa\u011f\u0131daki kategori sayfalar\u0131m\u0131zda bulunan \u00fcr\u00fcnler i\u00e7in ge\u00e7erli olan indirim kodlar\u0131n\u0131 ve kampanyalar\u0131 kolayl\u0131kla bulabilir ve kullanabilirsiniz.<\/p>\n","protected":false},"author":1,"featured_media":0,"parent":0,"menu_order":0,"comment_status":"closed","ping_status":"closed","template":"kategori.php","meta":[],"_links":{"self":[{"href":"https:\/\/papagan.com\/tr\/wp-json\/wp\/v2\/pages\/2600"}],"collection":[{"href":"https:\/\/papagan.com\/tr\/wp-json\/wp\/v2\/pages"}],"about":[{"href":"https:\/\/papagan.com\/tr\/wp-json\/wp\/v2\/types\/page"}],"author":[{"embeddable":true,"href":"https:\/\/papagan.com\/tr\/wp-json\/wp\/v2\/users\/1"}],"replies":[{"embeddable":true,"href":"https:\/\/papagan.com\/tr\/wp-json\/wp\/v2\/comments?post=2600"}],"version-history":[{"count":0,"href":"https:\/\/papagan.com\/tr\/wp-json\/wp\/v2\/pages\/2600\/revisions"}],"wp:attachment":[{"href":"https:\/\/papagan.com\/tr\/wp-json\/wp\/v2\/media?parent=2600"}],"curies":[{"name":"wp","href":"https:\/\/api.w.org\/{rel}","templated":true}]}}