{"id":2318,"date":"2022-12-10T21:12:46","date_gmt":"2022-12-10T18:12:46","guid":{"rendered":"https:\/\/papagan.com\/tr\/?page_id=2318"},"modified":"2023-02-08T11:13:11","modified_gmt":"2023-02-08T08:13:11","slug":"hakkinda","status":"publish","type":"page","link":"https:\/\/papagan.com\/tr\/hakkimizda","title":{"rendered":"Hakk\u0131m\u0131zda"},"content":{"rendered":"\n<p>T\u00fcrkiye&#8217;de son d\u00f6nemlerde online al\u0131\u015fveri\u015fin h\u0131zla yayg\u0131nla\u015ft\u0131\u011f\u0131n\u0131 g\u00f6zlemliyoruz. Bu nedenle, insanlar\u0131n online ma\u011fazalardaki indirim ve kampanyalar\u0131 takip etmeleri, fiyat avantajlar\u0131ndan yararlanmalar\u0131 i\u00e7in g\u00fczel bir f\u0131rsat do\u011fmu\u015f durumda. \u0130\u015fte bu noktada, T\u00fcrkiye deki t\u00fcm online ma\u011fazalardaki indirim ve kampanyalar\u0131 bir araya getiren papagan.com, insanlar\u0131n i\u015fini kolayla\u015ft\u0131r\u0131r ve onlara para kazand\u0131r\u0131r. Bu sayede, insanlar daha uygun fiyatlarla al\u0131\u015fveri\u015f yaparak b\u00fct\u00e7elerini daha verimli kullanabilirler.<\/p>\n\n\n\n<p>Papagan.com, online al\u0131\u015fveri\u015f s\u0131ras\u0131nda kullan\u0131c\u0131lar\u0131n kar\u015f\u0131la\u015ft\u0131klar\u0131 sorunlar\u0131 \u00e7\u00f6zmektedir. \u00d6rne\u011fin, bir kullan\u0131c\u0131 indirimli bir \u00fcr\u00fcn sat\u0131n almak istiyor ancak indirim kodunun nas\u0131l kullan\u0131laca\u011f\u0131n\u0131 bilmiyor. Papagan.com bu durumda kullan\u0131c\u0131ya yard\u0131mc\u0131 olur ve indirim kodunun nas\u0131l kullan\u0131laca\u011f\u0131 hakk\u0131nda bilgi verir. \u00d6rne\u011fin, \u00fcr\u00fcn sayfas\u0131nda indirim kodunun nereye nas\u0131l girilece\u011fini anlat\u0131r. B\u00f6ylece, kullan\u0131c\u0131n\u0131n al\u0131\u015fveri\u015f s\u00fcreci daha kolay ve sorunsuz hale gelir.<\/p>\n\n\n\n<p>Papagan.com, kullan\u0131c\u0131lar\u0131n diledikleri ma\u011faza kampanyalar\u0131n\u0131 aramas\u0131na veya kategorilere g\u00f6re tarama yapmas\u0131na izin vermektedir. \u00d6rne\u011fin, \u201cayakkab\u0131\u201d kategorisine girdi\u011finde, t\u00fcm ayakkab\u0131lar\u0131 satan online ma\u011fazalardaki indirimleri listeleyebilir. B\u00f6ylece, kullan\u0131c\u0131lar en uygun fiyat\u0131 bulmak i\u00e7in tek tek ma\u011fazalar\u0131 ziyaret etmeye gerek kalmaz. Bu sayede kullan\u0131c\u0131lar farkl\u0131 ma\u011fazalar\u0131 inceleyerek en uygun se\u00e7ene\u011fi bulabilirler. Bu da al\u0131\u015fveri\u015f yapma s\u00fcrecini h\u0131zland\u0131rmakta ve kolayla\u015ft\u0131rmaktad\u0131r.<\/p>\n\n\n\n<p>Papagan.com &#8216;un sundu\u011fu bir di\u011fer \u00f6nemli hizmet ise, insanlar\u0131n indirimleri takip edebilmeleri i\u00e7in bildirim sistemleridir. Bu sayede, insanlar istedikleri indirimleri takip edebilir ve en uygun zamanlarda al\u0131\u015fveri\u015f yapabilirler. Ayr\u0131ca, bu web siteleri genellikle indirimlerin ge\u00e7erlilik s\u00fcrelerini de belirtirler. Bu sayede, insanlar indirimin ne kadar s\u00fcrece\u011fini g\u00f6rerek, al\u0131\u015fveri\u015flerini daha verimli planlayabilir.<\/p>\n\n\n\n<p>Ayr\u0131ca, papagan.com kampanyalar\u0131 e-b\u00fclten abonelerine e-posta olarak g\u00f6ndermeyi de hedeflemektedir. Bu sayede, aboneler en g\u00fcncel indirim ve kampanyalardan haberdar olabilir ve bu bilgileri kullanarak daha uygun fiyatlarla al\u0131\u015fveri\u015f yapabilirler.<\/p>\n\n\n\n<p>T\u00fcm bu \u00f6zellikleriyle, T\u00fcrkiye&#8217;de online ma\u011fazalardaki indirim ve kampanyalar\u0131 toplayan papagan.com, insanlar\u0131n fiyat avantaj\u0131 sa\u011flamas\u0131na yard\u0131mc\u0131 olabilir. Bu sayede, insanlar daha uygun fiyatlarla al\u0131\u015fveri\u015f yapabilecek ve b\u00fct\u00e7elerini daha verimli kullanabilecekler.<\/p>\n","protected":false},"excerpt":{"rendered":"<p>T\u00fcrkiye&#8217;de son d\u00f6nemlerde online al\u0131\u015fveri\u015fin h\u0131zla yayg\u0131nla\u015ft\u0131\u011f\u0131n\u0131 g\u00f6zlemliyoruz. Bu nedenle, insanlar\u0131n online ma\u011fazalardaki indirim ve kampanyalar\u0131 takip etmeleri, fiyat avantajlar\u0131ndan yararlanmalar\u0131 i\u00e7in g\u00fczel bir f\u0131rsat do\u011fmu\u015f durumda. \u0130\u015fte bu noktada, T\u00fcrkiye deki t\u00fcm online ma\u011fazalardaki indirim ve kampanyalar\u0131 bir araya getiren papagan.com, insanlar\u0131n i\u015fini kolayla\u015ft\u0131r\u0131r ve onlara para kazand\u0131r\u0131r. Bu sayede, insanlar daha uygun fiyatlarla [&hellip;]<\/p>\n","protected":false},"author":1,"featured_media":0,"parent":0,"menu_order":0,"comment_status":"closed","ping_status":"closed","template":"","meta":[],"_links":{"self":[{"href":"https:\/\/papagan.com\/tr\/wp-json\/wp\/v2\/pages\/2318"}],"collection":[{"href":"https:\/\/papagan.com\/tr\/wp-json\/wp\/v2\/pages"}],"about":[{"href":"https:\/\/papagan.com\/tr\/wp-json\/wp\/v2\/types\/page"}],"author":[{"embeddable":true,"href":"https:\/\/papagan.com\/tr\/wp-json\/wp\/v2\/users\/1"}],"replies":[{"embeddable":true,"href":"https:\/\/papagan.com\/tr\/wp-json\/wp\/v2\/comments?post=2318"}],"version-history":[{"count":0,"href":"https:\/\/papagan.com\/tr\/wp-json\/wp\/v2\/pages\/2318\/revisions"}],"wp:attachment":[{"href":"https:\/\/papagan.com\/tr\/wp-json\/wp\/v2\/media?parent=2318"}],"curies":[{"name":"wp","href":"https:\/\/api.w.org\/{rel}","templated":true}]}}