{"id":1816,"date":"2022-12-02T23:59:49","date_gmt":"2022-12-02T20:59:49","guid":{"rendered":"https:\/\/papagan.com\/tr\/?page_id=1816"},"modified":"2022-12-25T18:32:13","modified_gmt":"2022-12-25T15:32:13","slug":"form","status":"publish","type":"page","link":"https:\/\/papagan.com\/tr\/iletisim","title":{"rendered":"ileti\u015fim"},"content":{"rendered":"<h4>\u0130leti\u015fim<\/h4>\n<h6> +90 <\/h6>\n<h6> iletisim{at}papagan.com<\/h6>\n<h6> \u0130stanbul \/ T\u00fcrkiye<\/h6>\n<h6>P.TES\u0130 &#8211; CUMA 09:00 &#8211; 19:00, C.TES\u0130 10:00 &#8211; 14:00<\/h6>\n<p>\t\t\t\t\t<a target=\"_blank\" rel=\"noopener\"><br \/>\n\t\t\t\t\t\tFacebook-f<br \/>\n\t\t\t\t\t\t\t\t\t\t\t<\/a><br \/>\n\t\t\t\t\t<a target=\"_blank\" rel=\"noopener\"><br \/>\n\t\t\t\t\t\tTwitter<br \/>\n\t\t\t\t\t\t\t\t\t\t\t<\/a><br \/>\n\t\t\t\t\t<a target=\"_blank\" rel=\"noopener\"><br \/>\n\t\t\t\t\t\tTelegram<br \/>\n\t\t\t\t\t\t\t\t\t\t\t<\/a><br \/>\n\t\t\t\t\t<a target=\"_blank\" rel=\"noopener\"><br \/>\n\t\t\t\t\t\tYoutube<br \/>\n\t\t\t\t\t\t\t\t\t\t\t<\/a><br \/>\n\t\t\t\t\t<a target=\"_blank\" rel=\"noopener\"><br \/>\n\t\t\t\t\t\tGithub<br \/>\n\t\t\t\t\t\t\t\t\t\t\t<\/a><br \/>\n\t\t\t\t\t<a target=\"_blank\" rel=\"noopener\"><br \/>\n\t\t\t\t\t\tInstagram<br \/>\n\t\t\t\t\t\t\t\t\t\t\t<\/a><br \/>\n\t\t\t\t\t<a target=\"_blank\" rel=\"noopener\"><br \/>\n\t\t\t\t\t\tPinterest<br \/>\n\t\t\t\t\t\t\t\t\t\t\t<\/a><\/p>\n<p>Papagan.com hakk\u0131nda merak etti\u011finiz bir konu varsa veya site hakk\u0131nda ele\u015ftirileriniz ve \u00f6nerileriniz varsa, ileti\u015fim formunu kullanarak veya di\u011fer ileti\u015fim bilgilerimiz arac\u0131l\u0131\u011f\u0131yla bize ula\u015fabilirsiniz. B\u00f6ylece, size en k\u0131sa s\u00fcrede geri d\u00f6nebilir ve merak etti\u011finiz konular hakk\u0131nda bilgi verebiliriz. Ayr\u0131ca, ele\u015ftirileriniz ve \u00f6nerileriniz do\u011frultusunda, siteyi geli\u015ftirerek, sizlerin memnuniyetini art\u0131rmaya \u00e7al\u0131\u015faca\u011f\u0131z. Bizlere ula\u015farak, papagan.com hakk\u0131nda istedi\u011finiz bilgileri alabilir ve bizlere geri bildirimlerinizi iletebilirsiniz.<\/p>\n","protected":false},"excerpt":{"rendered":"<p>\u0130leti\u015fim +90 iletisim{at}papagan.com \u0130stanbul \/ T\u00fcrkiye P.TES\u0130 &#8211; CUMA 09:00 &#8211; 19:00, C.TES\u0130 10:00 &#8211; 14:00 Facebook-f Twitter Telegram Youtube Github Instagram Pinterest Papagan.com hakk\u0131nda merak etti\u011finiz bir konu varsa veya site hakk\u0131nda ele\u015ftirileriniz ve \u00f6nerileriniz varsa, ileti\u015fim formunu kullanarak veya di\u011fer ileti\u015fim bilgilerimiz arac\u0131l\u0131\u011f\u0131yla bize ula\u015fabilirsiniz. B\u00f6ylece, size en k\u0131sa s\u00fcrede geri d\u00f6nebilir ve [&hellip;]<\/p>\n","protected":false},"author":1,"featured_media":0,"parent":0,"menu_order":0,"comment_status":"closed","ping_status":"closed","template":"page-v1.php","meta":[],"_links":{"self":[{"href":"https:\/\/papagan.com\/tr\/wp-json\/wp\/v2\/pages\/1816"}],"collection":[{"href":"https:\/\/papagan.com\/tr\/wp-json\/wp\/v2\/pages"}],"about":[{"href":"https:\/\/papagan.com\/tr\/wp-json\/wp\/v2\/types\/page"}],"author":[{"embeddable":true,"href":"https:\/\/papagan.com\/tr\/wp-json\/wp\/v2\/users\/1"}],"replies":[{"embeddable":true,"href":"https:\/\/papagan.com\/tr\/wp-json\/wp\/v2\/comments?post=1816"}],"version-history":[{"count":0,"href":"https:\/\/papagan.com\/tr\/wp-json\/wp\/v2\/pages\/1816\/revisions"}],"wp:attachment":[{"href":"https:\/\/papagan.com\/tr\/wp-json\/wp\/v2\/media?parent=1816"}],"curies":[{"name":"wp","href":"https:\/\/api.w.org\/{rel}","templated":true}]}}